{"id":299,"date":"2025-05-26T15:22:54","date_gmt":"2025-05-26T13:22:54","guid":{"rendered":"https:\/\/www.inbq.de\/blog\/?page_id=299"},"modified":"2025-05-26T15:22:54","modified_gmt":"2025-05-26T13:22:54","slug":"inhalt","status":"publish","type":"page","link":"https:\/\/www.inbq.de\/blog\/inhalt\/","title":{"rendered":"Inhalt"},"content":{"rendered":"<ul class=\"mkg-html-sitemap\"><li><a href=\"https:\/\/www.inbq.de\/blog\/tipps-zur-auswahl-von-einem-bildbearbeitungsprogramm-fuer-hobbyfotografen\/\">Tipps zur Auswahl von einem Bildbearbeitungsprogramm f\u00fcr Hobbyfotografen<\/a><\/li><li><a href=\"https:\/\/www.inbq.de\/blog\/entitaetenbasierte-inhalte-als-schluessel-fuer-seo-kempten\/\">Entit\u00e4tenbasierte Inhalte als Schl\u00fcssel f\u00fcr SEO Kempten<\/a><\/li><li><a href=\"https:\/\/www.inbq.de\/blog\/tipps-zur-diskreten-aufbewahrung-von-vibratoren\/\">Tipps zur diskreten Aufbewahrung von Vibratoren<\/a><\/li><li><a href=\"https:\/\/www.inbq.de\/blog\/testbericht-zum-bildbearbeitungsprogramm-fotoworks-xl-2-testsieger-im-vergleich\/\">Testbericht zum Bildbearbeitungsprogramm FotoWorks XL 2 &#8211; Testsieger im Vergleich<\/a><\/li><li><a href=\"https:\/\/www.inbq.de\/blog\/nachhaltige-gartenbewaesserungssysteme-im-trend\/\">Nachhaltige Gartenbew\u00e4sserungssysteme im Trend<\/a><\/li><li><a href=\"https:\/\/www.inbq.de\/blog\/inhalt\/\">Inhalt<\/a><\/li><li><a href=\"https:\/\/www.inbq.de\/blog\/anti-pollution-hautpflege-gegen-umwelteinfluesse\/\">Anti-Pollution Hautpflege gegen Umwelteinfl\u00fcsse<\/a><\/li><li><a href=\"https:\/\/www.inbq.de\/blog\/raumgestaltung-und-raumeinfluss-und-struktur-in-der-innenarchitektur\/\">Raumgestaltung und Raumeinfluss und Struktur in der Innenarchitektur<\/a><\/li><li><a href=\"https:\/\/www.inbq.de\/blog\/bildbearbeitungsprogramm-grundlagen-in-den-fluessigmetall-effekt\/\">Bildbearbeitungsprogramm &#8211; Grundlagen in den Fl\u00fcssigmetall Effekt<\/a><\/li><li><a href=\"https:\/\/www.inbq.de\/blog\/wichtige-funktion-fuer-einen-432-hz-converter-ganze-musikbibliothek-umwandeln\/\">Wichtige Funktion f\u00fcr einen 432 Hz Converter &#8211; Ganze Musikbibliothek umwandeln<\/a><\/li><li><a href=\"https:\/\/www.inbq.de\/blog\/aufgaben-an-ein-fotoprogramm-verstaerkung-von-fotoeffekten-optimal-umsetzen\/\">Aufgaben an ein Fotoprogramm: Verst\u00e4rkung von Fotoeffekten optimal umsetzen<\/a><\/li><li><a href=\"https:\/\/www.inbq.de\/blog\/der-vorteil-von-einem-fotoprogramm-mit-monochromen-farben-fuer-schwarz-weiss-bilder\/\">Der Vorteil von einem Fotoprogramm mit monochromen Farben f\u00fcr Schwarz-Wei\u00df-Bilder<\/a><\/li><li><a href=\"https:\/\/www.inbq.de\/blog\/drachen-bilder-zum-ausmalen-fuer-kinder-und-erwachsene\/\">Drachen Bilder zum Ausmalen f\u00fcr Kinder und Erwachsene<\/a><\/li><li><a href=\"https:\/\/www.inbq.de\/blog\/leistungsstarkes-bildbearbeitungsprogramm-update-in-der-windows-11-version\/\">Leistungsstarkes Bildbearbeitungsprogramm Update in der Windows 11 Version<\/a><\/li><li><a href=\"https:\/\/www.inbq.de\/blog\/was-anfaenger-wissen-sollen-ueber-ein-bildbearbeitungsprogramm\/\">Was Anf\u00e4nger wissen sollen \u00fcber ein Bildbearbeitungsprogramm<\/a><\/li><li><a href=\"https:\/\/www.inbq.de\/blog\/bildbearbeitungsprogramm-fotoworks-xl-neue-version\/\">Bildbearbeitungsprogramm &#8211; Fotoworks XL &#8211; Neue Version<\/a><\/li><li><a href=\"https:\/\/www.inbq.de\/blog\/einfaches-bildbearbeitungsprogramm-fuer-anfaenger\/\">Einfaches Bildbearbeitungsprogramm f\u00fcr Anf\u00e4nger<\/a><\/li><li><a href=\"https:\/\/www.inbq.de\/blog\/neuigkeiten-zu-bildbearbeitungsprogramm-und-bildbearbeitung\/\">Neuigkeiten zu Bildbearbeitungsprogramm und Bildbearbeitung<\/a><\/li><li><a href=\"https:\/\/www.inbq.de\/blog\/einfaches-windows-10-fotobearbeitungsprogramm\/\">Einfaches Windows 10 Fotobearbeitungsprogramm<\/a><\/li><li><a href=\"https:\/\/www.inbq.de\/blog\/ein-foto-bearbeiten-sollte-einfach-sein\/\">Ein Foto bearbeiten sollte einfach sein<\/a><\/li><\/ul>\n","protected":false},"excerpt":{"rendered":"","protected":false},"author":1,"featured_media":0,"parent":0,"menu_order":0,"comment_status":"closed","ping_status":"closed","template":"","meta":{"footnotes":""},"class_list":["post-299","page","type-page","status-publish","hentry"],"_links":{"self":[{"href":"https:\/\/www.inbq.de\/blog\/wp-json\/wp\/v2\/pages\/299"}],"collection":[{"href":"https:\/\/www.inbq.de\/blog\/wp-json\/wp\/v2\/pages"}],"about":[{"href":"https:\/\/www.inbq.de\/blog\/wp-json\/wp\/v2\/types\/page"}],"author":[{"embeddable":true,"href":"https:\/\/www.inbq.de\/blog\/wp-json\/wp\/v2\/users\/1"}],"replies":[{"embeddable":true,"href":"https:\/\/www.inbq.de\/blog\/wp-json\/wp\/v2\/comments?post=299"}],"version-history":[{"count":2,"href":"https:\/\/www.inbq.de\/blog\/wp-json\/wp\/v2\/pages\/299\/revisions"}],"predecessor-version":[{"id":301,"href":"https:\/\/www.inbq.de\/blog\/wp-json\/wp\/v2\/pages\/299\/revisions\/301"}],"wp:attachment":[{"href":"https:\/\/www.inbq.de\/blog\/wp-json\/wp\/v2\/media?parent=299"}],"curies":[{"name":"wp","href":"https:\/\/api.w.org\/{rel}","templated":true}]}}