{"id":150,"date":"2018-07-11T10:01:15","date_gmt":"2018-07-11T08:01:15","guid":{"rendered":"http:\/\/www.inbq.de\/blog\/?page_id=150"},"modified":"2021-06-25T13:55:24","modified_gmt":"2021-06-25T11:55:24","slug":"neuigkeiten-zu-bildbearbeitungsprogramm-und-bildbearbeitung","status":"publish","type":"page","link":"https:\/\/www.inbq.de\/blog\/neuigkeiten-zu-bildbearbeitungsprogramm-und-bildbearbeitung\/","title":{"rendered":"Neuigkeiten zu Bildbearbeitungsprogramm und Bildbearbeitung"},"content":{"rendered":"<p><strong>Ein Bildbearbeitungsprogramm kann man erst vergleichen, wenn es testet<\/strong><br \/>\nDas Bildbearbeitungsprogramm unter dem Namen Fotoworks XL ist eine praktisches und einfach zu bedienendes Bildbearbeitungsprogramm um auf dem PC intuitive Bilder zu Bearbeiten. Ben\u00f6tigt werden keine Vorkenntnisse und es wird keine l\u00e4ngere Einarbeitungszeit ben\u00f6tig Sie k\u00f6nnen also sofort anfangen, denn das Programm kann man sofort kostenlos herunterladen und mit seinem Test beginnen.<\/p>\n<p>Einen so einfachen Start k\u00f6nnen viele andere Bildbearbeitungsprogramme bei der Bildbearbeitung oft nicht bieten. Es hat viele gut durchdachte Funktionen zu bieten. Neben Tools mit denen man das jeweilige Bild bearbeiten kann, k\u00f6nnen au\u00dferdem Fotoalben angelegt werden und Collagen erstellt werden. Es k\u00f6nnen auf diese Weise mehrere Fotos gleichzeitig bearbeitet werden. Auf diese lassen sich Effekte und Verbesserungen anwenden.<br \/>\nSie k\u00f6nnen so zeitsparend vorgehen. Ein Bildbearbeitungsprogramm kostenlos downloaden ist eine praktische M\u00f6glichkeit schnell und unkompliziert eigene Bilder bearbeiten zu k\u00f6nnen. Das Programm bietet seinen Nutzern Verbesserungsm\u00f6glichkeiten zum Beispiel bei der Fotobearbeitung wie die Bildrotation sowie das Spiegeln von Bildern. Man kann das Bildbearbeitungsprogramm wie viele andere Programme kostenlos downloaden. Es ist mit dem Funktionsbereich der Bildmanipulation m\u00f6glich ihr Bild individuell anzupassen und es genau an ihre W\u00fcnsche anzupassen. Dies k\u00f6nnen sie ohne notwendige Formatierungen tun.<br \/>\nEs ist auch m\u00f6glich Fotoalben, sowie Poster und Kalender zu drucken. Mithilfe von einem Bildbearbeitungsprogramm k\u00f6nnen auch Dateiverkn\u00fcpfungen verwaltet werden. Die digitale Weiterverarbeitung von Fotos ist auch m\u00f6glich.<\/p>\n<h2>Bildbearbeitungsprogramm und welche Effekte es bieten sollte<\/h2>\n<p><strong>Dieses Bildbearbeitungsprogramm bietet einen gro\u00dfen Umfang an Funktionen teurerer Fotobearbeitungsprogramme.<\/strong><br \/>\nEs k\u00f6nnen mit dem Programm die unterschiedlichsten Effekte eingestellt werden. Kontrast und Farbe sowie Einstellungen der Helligkeit sind im Repertoire enthalten. Es hat alles, was es braucht besondere Augenblicke und Atmosph\u00e4ren festzuhalten. Es k\u00f6nnen au\u00dferdem verschiedene Rahmen hinzugef\u00fcgt werden oder individuelle Text Passagen an beliebigen Stellen auf dem Bild platziert werden. Nat\u00fcrlich ist es auch m\u00f6glich ihre Bilder mit dem <a href=\"https:\/\/www.mediakg.de\/fotobearbeitung\/bildbearbeitungsprogramm.html\" target=\"_blank\" rel=\"noopener\">Bildbearbeitungsprogramm<\/a> zu Morphen. Die Bilder k\u00f6nnen mit dieser Option in ein ganz neues Licht ger\u00fcckt werden. Mit der M\u00f6glichkeit Bilder zu sch\u00e4rfen k\u00f6nnen Bilder, die unscharf geworden sind mit einer Bildbearbeitung nachgesch\u00e4rft werden.<\/p>\n<p><a href=\"http:\/\/www.inbq.de\/blog\/wp-content\/uploads\/2018\/07\/bildbearbeitungsprogramm.jpg\"><img loading=\"lazy\" decoding=\"async\" class=\"alignnone size-large wp-image-160\" src=\"http:\/\/www.inbq.de\/blog\/wp-content\/uploads\/2018\/07\/bildbearbeitungsprogramm-1024x730.jpg\" alt=\"Bildbearbeitungsprogramm\" width=\"640\" height=\"456\" srcset=\"https:\/\/www.inbq.de\/blog\/wp-content\/uploads\/2018\/07\/bildbearbeitungsprogramm-1024x730.jpg 1024w, https:\/\/www.inbq.de\/blog\/wp-content\/uploads\/2018\/07\/bildbearbeitungsprogramm-300x214.jpg 300w, https:\/\/www.inbq.de\/blog\/wp-content\/uploads\/2018\/07\/bildbearbeitungsprogramm-768x548.jpg 768w, https:\/\/www.inbq.de\/blog\/wp-content\/uploads\/2018\/07\/bildbearbeitungsprogramm.jpg 1258w\" sizes=\"(max-width: 640px) 100vw, 640px\" \/><\/a><br \/>\n<em>Foto zum Bildbearbeitungsprogramm<\/em><\/p>\n<p>Sollte ein Foto nicht so gelingen, wie es geplant war, ist es m\u00f6glich unerw\u00fcnschte Effekte wie bspw. rote Augen zu korrigieren und zu entfernen. Auch unerw\u00fcnschte Personen k\u00f6nnen auf Wunsch von dem jeweiligen Bild, das bearbeitet wird entfernt werden. Sie k\u00f6nnen bei Bedarf auch Personen separat fotografieren und mithilfe von dem Bildbearbeitungsprogramm Windows 10 hinzuf\u00fcgen. Mit dem Erstellen einer neuen Ebene kann die Person mit Bild bearbeiten in das Bild eingef\u00fcgt werden. F\u00fcr Laien ist diese Bearbeitungsmethode nicht einfach aber dennoch machbar. Ein Bildbearbeitungsprogramm bietet f\u00fcr diesen Zweck viele Fotos-Effekte. Auch m\u00f6glich ist das Einf\u00fcgen von Linien oder Symbolen in ein Bild.<\/p>\n<h3>Das Bildbearbeitungsprogramm bietet eine \u00fcbersichtliche Menu-F\u00fchrung.<\/h3>\n<p><strong>Besonders Vorteilhaft f\u00fcr Anf\u00e4nger mit diesem Bildbearbeitungsprogramm ist hier die \u00fcbersichtliche Bedienerf\u00fchrung.<\/strong><br \/>\nDie besonders f\u00fcr Laien \u00dcbersicht bietet. Das Fotobearbeitungsprogramm der Fotoworks XL Serie verf\u00fcgt au\u00dferdem \u00fcber die M\u00f6glichkeit durch das Einf\u00fcgen von Symbolen und Linien die eigene Kreativit\u00e4t mit in den Bild-Bearbeitungsprozess mit einflie\u00dfen zu lassen. Das Programm zum Bilder bearbeiten habt keine Begrenzung der Bilder die von ihnen eingespeist werden k\u00f6nnen. Sie k\u00f6nnen also ganze Bilderserien \u00f6ffnen. Bilder bearbeiten kann somit zum freien Ausleben der eigenen Kreativit\u00e4t beitragen. Das Bildbearbeitungsprogramm Windows 7 und Windows 10 hat insgesamt \u00fcber 100 verwendbare Effekte. Sie warten nur darauf von Ihnen eingesetzt zu werden.<\/p>\n<h3>Ein einfaches Bildbearbeitungsprogramm einzusetzen macht Spa\u00df<\/h3>\n<p><strong>Ein leichtes Bildbearbeitungsprogramm bieten viel Spa\u00df wenn man generell gerne viel fotografiert.<\/strong><br \/>\nIhnen stehen insgesamt mehr als 100 Bildbearbeitungs-Effekte zur Verf\u00fcgung.<br \/>\nNach einer Einfindungsphase von kurzer Dauer ist bereits das professionelle Bearbeiten von Bildern m\u00f6glich.<br \/>\nBei der Bildbearbeitung ist Fotoworks XL deshalb der Allrounder der Bildbearbeitungsprogramme.<br \/>\nDas Fotobearbeitungsprogramm der Fotoworks XL Serie ist zur Perfektionierung ihrer Aufnahmen bestens geeignet und wurde auch f\u00fcr diesen Zweck entwickelt. Auch die besten und teuersten Fotoprogramme zum Fotos bearbeiten n\u00fctzen kaum etwas, wenn man nicht damit zurechtkommt. F\u00fcr Amateur Fotografen reicht oft ein einfaches Programm f\u00fcr schlichte Bearbeitungen der Aufnahmen.<br \/>\nFotos so zu bearbeiten, das sie andere Leute wirklich beeindrucken ist eine Kunstform. Eine Fotosoftware, in die man sich schlecht einfinden kann und zu kompliziert aufgebaut ist, ist daher gegen\u00fcber von Fotoworks XL klar im Nachteil. Da es sich beim Bild bearbeiten weitgehend intuitiv Bedienen l\u00e4sst, ist der Umgang mit ihm einfach. Au\u00dferdem gibt es eine Vielzahl von \u00dcbungs-Videos, die man sich ansehen kann, um schneller in die Funktionsweise des Programmes einzufinden. Bei optischen Beispielen lernt man schnell, wie man das Fotoprogramm am besten Bedienen kann.<\/p>\n<h3>Wo kann ein Bildbearbeitungsprogramm kostenlos downloaden?<\/h3>\n<p><strong>Wen Sie gerne ein Bildbearbeitungsprogramm testen bevor sie eins kaufen, dann fangen Sie mit diesem an.<\/strong><br \/>\nDas ist wie kaum eines der anderen Tools zum Bilder bearbeiten unter Windows 10 geeignet um Fotos bearbeiten und ihnen einen eigenen Stil mitzugeben.<br \/>\nIn der Kategorie der Bildbearbeitungsprogramme ist es ein Allrounder. Es bietet seinen Nutzern s\u00e4mtliche Funktionen die f\u00fcr die Bearbeitung professioneller Bilder ben\u00f6tigt werden. Insgesamt bringt es mehr als 100 Effekte mit. So k\u00f6nnen Bilder kreativ bearbeitet werden. Und auch Fehler korrigiert werden.<br \/>\nDas Programm unterst\u00fctzt au\u00dferdem die EXIF Daten die bei digitalen Aufnahmen entstehen Sie haben die M\u00f6glichkeit ihre Fotos an die Standardformate von Fotos aus Papier anzupassen mithilfe des Bildbearbeitungsprogramms anzupassen. Mithilfe der R\u00fcckg\u00e4ngig-Funktion ist es au\u00dferdem m\u00f6glich die Schritte einfach wieder r\u00fcckg\u00e4ngig zu machen. Es ist aktuell in seiner Kategorie eines der beliebtesten Bildbearbeitungsprogramme. Da es h\u00f6chst vielseitig ist.<\/p>\n<p>Seite: <a href=\"http:\/\/www.inbq.de\">http:\/\/www.inbq.de<\/a><\/p>\n","protected":false},"excerpt":{"rendered":"<p>Ein Bildbearbeitungsprogramm kann man erst vergleichen, wenn es testet Das Bildbearbeitungsprogramm unter dem Namen Fotoworks XL ist eine praktisches und einfach zu bedienendes Bildbearbeitungsprogramm um auf dem PC intuitive Bilder zu Bearbeiten. Ben\u00f6tigt werden keine Vorkenntnisse und es wird keine &hellip; <a href=\"https:\/\/www.inbq.de\/blog\/neuigkeiten-zu-bildbearbeitungsprogramm-und-bildbearbeitung\/\">Weiterlesen <span class=\"meta-nav\">&rarr;<\/span><\/a><\/p>\n","protected":false},"author":1,"featured_media":0,"parent":0,"menu_order":0,"comment_status":"closed","ping_status":"closed","template":"","meta":{"footnotes":""},"class_list":["post-150","page","type-page","status-publish","hentry"],"_links":{"self":[{"href":"https:\/\/www.inbq.de\/blog\/wp-json\/wp\/v2\/pages\/150"}],"collection":[{"href":"https:\/\/www.inbq.de\/blog\/wp-json\/wp\/v2\/pages"}],"about":[{"href":"https:\/\/www.inbq.de\/blog\/wp-json\/wp\/v2\/types\/page"}],"author":[{"embeddable":true,"href":"https:\/\/www.inbq.de\/blog\/wp-json\/wp\/v2\/users\/1"}],"replies":[{"embeddable":true,"href":"https:\/\/www.inbq.de\/blog\/wp-json\/wp\/v2\/comments?post=150"}],"version-history":[{"count":15,"href":"https:\/\/www.inbq.de\/blog\/wp-json\/wp\/v2\/pages\/150\/revisions"}],"predecessor-version":[{"id":205,"href":"https:\/\/www.inbq.de\/blog\/wp-json\/wp\/v2\/pages\/150\/revisions\/205"}],"wp:attachment":[{"href":"https:\/\/www.inbq.de\/blog\/wp-json\/wp\/v2\/media?parent=150"}],"curies":[{"name":"wp","href":"https:\/\/api.w.org\/{rel}","templated":true}]}}